{"id":45,"date":"2015-10-08T11:54:43","date_gmt":"2015-10-08T11:54:43","guid":{"rendered":"http:\/\/fitacom.ma\/?page_id=45"},"modified":"2015-11-22T18:28:55","modified_gmt":"2015-11-22T18:28:55","slug":"social","status":"publish","type":"page","link":"http:\/\/fitacom.ma\/index.php\/telechargements\/social\/","title":{"rendered":"Affaires sociales"},"content":{"rendered":"<p><strong>SOCIAL:<\/strong><\/p>\n<p><strong>Contribution sociale de solidarit\u00e9:<\/strong><br \/>\nADP110F-13I: D\u00e9claration de la contribution sociale de solidarit\u00e9 sur les livraisons \u00e0 soi-m\u00eame de construction d\u2019habitation personnelle<\/p>\n<p><a href=\"http:\/\/fitacom.ma\/wp-content\/uploads\/2015\/11\/adp_110f_13i.pdf\" target=\"_blank\"><img loading=\"lazy\" decoding=\"async\" class=\"wp-image-107 alignleft\" src=\"http:\/\/fitacom.ma\/wp-content\/uploads\/2015\/10\/pdf_download-150x150.png\" alt=\"pdf_download\" width=\"46\" height=\"46\" srcset=\"http:\/\/fitacom.ma\/wp-content\/uploads\/2015\/10\/pdf_download-150x150.png 150w, http:\/\/fitacom.ma\/wp-content\/uploads\/2015\/10\/pdf_download-300x296.png 300w, http:\/\/fitacom.ma\/wp-content\/uploads\/2015\/10\/pdf_download.png 338w\" sizes=\"auto, (max-width: 46px) 100vw, 46px\" \/><\/a><\/p>\n<p>&nbsp;<\/p>\n<p>&nbsp;<\/p>\n<p>ADM150F-13I: D\u00e9claration des soci\u00e9t\u00e9s en mati\u00e8re de la contribution sociale de solidarit\u00e9 sur les b\u00e9n\u00e9fices et revenus<\/p>\n<p><a href=\"http:\/\/fitacom.ma\/wp-content\/uploads\/2015\/11\/adm_150f_13i.pdf\" target=\"_blank\"><img loading=\"lazy\" decoding=\"async\" class=\"wp-image-107 alignleft\" src=\"http:\/\/fitacom.ma\/wp-content\/uploads\/2015\/10\/pdf_download-150x150.png\" alt=\"pdf_download\" width=\"46\" height=\"46\" srcset=\"http:\/\/fitacom.ma\/wp-content\/uploads\/2015\/10\/pdf_download-150x150.png 150w, http:\/\/fitacom.ma\/wp-content\/uploads\/2015\/10\/pdf_download-300x296.png 300w, http:\/\/fitacom.ma\/wp-content\/uploads\/2015\/10\/pdf_download.png 338w\" sizes=\"auto, (max-width: 46px) 100vw, 46px\" \/><\/a><\/p>\n<p>&nbsp;<\/p>\n<p>&nbsp;<\/p>\n<p>RSC090F-13I: Contribution sociale de solidarit\u00e9 sur les b\u00e9n\u00e9fices et revenus- Bordereau avis de versement de la contribution retenue \u00e0 la source au titre des revenus salariaux et assimil\u00e9s.<\/p>\n<p><a href=\"http:\/\/fitacom.ma\/wp-content\/uploads\/2015\/11\/rsc_090f_13i.pdf\" target=\"_blank\"><img loading=\"lazy\" decoding=\"async\" class=\"wp-image-107 alignleft\" src=\"http:\/\/fitacom.ma\/wp-content\/uploads\/2015\/10\/pdf_download-150x150.png\" alt=\"pdf_download\" width=\"46\" height=\"46\" srcset=\"http:\/\/fitacom.ma\/wp-content\/uploads\/2015\/10\/pdf_download-150x150.png 150w, http:\/\/fitacom.ma\/wp-content\/uploads\/2015\/10\/pdf_download-300x296.png 300w, http:\/\/fitacom.ma\/wp-content\/uploads\/2015\/10\/pdf_download.png 338w\" sizes=\"auto, (max-width: 46px) 100vw, 46px\" \/><\/a><\/p>\n","protected":false},"excerpt":{"rendered":"<p>SOCIAL: Contribution sociale de solidarit\u00e9: ADP110F-13I: D\u00e9claration de la contribution sociale de solidarit\u00e9 sur les livraisons \u00e0 soi-m\u00eame de construction d\u2019habitation personnelle &nbsp; &nbsp; ADM150F-13I: D\u00e9claration des soci\u00e9t\u00e9s en mati\u00e8re de la contribution sociale de solidarit\u00e9 sur les b\u00e9n\u00e9fices et revenus &nbsp; &nbsp; RSC090F-13I: Contribution sociale de solidarit\u00e9 sur les b\u00e9n\u00e9fices et revenus- Bordereau avis [&hellip;]<\/p>\n","protected":false},"author":1,"featured_media":0,"parent":11,"menu_order":0,"comment_status":"closed","ping_status":"closed","template":"","meta":{"inline_featured_image":false,"footnotes":""},"class_list":["post-45","page","type-page","status-publish","hentry"],"yoast_head":"<!-- This site is optimized with the Yoast SEO plugin v27.5 - https:\/\/yoast.com\/product\/yoast-seo-wordpress\/ -->\n<title>Affaires sociales - FITACOM<\/title>\n<meta name=\"description\" content=\"Fond\u00e9e en 2007, la fiduciaire FITACOM SARL Au, est un acteur majeur et actif dans les domaines de la tenue de comptabilit\u00e9, audit, fiscalit\u00e9, administration et conseil en entreprise.\" \/>\n<meta name=\"robots\" content=\"index, follow, max-snippet:-1, max-image-preview:large, max-video-preview:-1\" \/>\n<link rel=\"canonical\" href=\"https:\/\/fitacom.ma\/index.php\/telechargements\/social\/\" \/>\n<meta property=\"og:locale\" content=\"fr_FR\" \/>\n<meta property=\"og:type\" content=\"article\" \/>\n<meta property=\"og:title\" content=\"Affaires sociales - FITACOM\" \/>\n<meta property=\"og:description\" content=\"Fond\u00e9e en 2007, la fiduciaire FITACOM SARL Au, est un acteur majeur et actif dans les domaines de la tenue de comptabilit\u00e9, audit, fiscalit\u00e9, administration et conseil en entreprise.\" \/>\n<meta property=\"og:url\" content=\"https:\/\/fitacom.ma\/index.php\/telechargements\/social\/\" \/>\n<meta property=\"og:site_name\" content=\"FITACOM\" \/>\n<meta property=\"article:publisher\" content=\"https:\/\/web.facebook.com\/fitacom\/\" \/>\n<meta property=\"article:modified_time\" content=\"2015-11-22T18:28:55+00:00\" \/>\n<meta property=\"og:image\" content=\"http:\/\/fitacom.ma\/wp-content\/uploads\/2015\/10\/pdf_download-150x150.png\" \/>\n<meta name=\"twitter:card\" content=\"summary_large_image\" \/>\n<script type=\"application\/ld+json\" class=\"yoast-schema-graph\">{\"@context\":\"https:\\\/\\\/schema.org\",\"@graph\":[{\"@type\":\"WebPage\",\"@id\":\"https:\\\/\\\/fitacom.ma\\\/index.php\\\/telechargements\\\/social\\\/\",\"url\":\"https:\\\/\\\/fitacom.ma\\\/index.php\\\/telechargements\\\/social\\\/\",\"name\":\"Affaires sociales - FITACOM\",\"isPartOf\":{\"@id\":\"https:\\\/\\\/fitacom.ma\\\/#website\"},\"primaryImageOfPage\":{\"@id\":\"https:\\\/\\\/fitacom.ma\\\/index.php\\\/telechargements\\\/social\\\/#primaryimage\"},\"image\":{\"@id\":\"https:\\\/\\\/fitacom.ma\\\/index.php\\\/telechargements\\\/social\\\/#primaryimage\"},\"thumbnailUrl\":\"http:\\\/\\\/fitacom.ma\\\/wp-content\\\/uploads\\\/2015\\\/10\\\/pdf_download-150x150.png\",\"datePublished\":\"2015-10-08T11:54:43+00:00\",\"dateModified\":\"2015-11-22T18:28:55+00:00\",\"description\":\"Fond\u00e9e en 2007, la fiduciaire FITACOM SARL Au, est un acteur majeur et actif dans les domaines de la tenue de comptabilit\u00e9, audit, fiscalit\u00e9, administration et conseil en entreprise.\",\"breadcrumb\":{\"@id\":\"https:\\\/\\\/fitacom.ma\\\/index.php\\\/telechargements\\\/social\\\/#breadcrumb\"},\"inLanguage\":\"fr-FR\",\"potentialAction\":[{\"@type\":\"ReadAction\",\"target\":[\"https:\\\/\\\/fitacom.ma\\\/index.php\\\/telechargements\\\/social\\\/\"]}]},{\"@type\":\"ImageObject\",\"inLanguage\":\"fr-FR\",\"@id\":\"https:\\\/\\\/fitacom.ma\\\/index.php\\\/telechargements\\\/social\\\/#primaryimage\",\"url\":\"http:\\\/\\\/fitacom.ma\\\/wp-content\\\/uploads\\\/2015\\\/10\\\/pdf_download.png\",\"contentUrl\":\"http:\\\/\\\/fitacom.ma\\\/wp-content\\\/uploads\\\/2015\\\/10\\\/pdf_download.png\",\"width\":338,\"height\":334},{\"@type\":\"BreadcrumbList\",\"@id\":\"https:\\\/\\\/fitacom.ma\\\/index.php\\\/telechargements\\\/social\\\/#breadcrumb\",\"itemListElement\":[{\"@type\":\"ListItem\",\"position\":1,\"name\":\"Accueil\",\"item\":\"https:\\\/\\\/fitacom.ma\\\/\"},{\"@type\":\"ListItem\",\"position\":2,\"name\":\"TELECHARGEMENTS\",\"item\":\"http:\\\/\\\/fitacom.ma\\\/index.php\\\/telechargements\\\/\"},{\"@type\":\"ListItem\",\"position\":3,\"name\":\"Affaires sociales\"}]},{\"@type\":\"WebSite\",\"@id\":\"https:\\\/\\\/fitacom.ma\\\/#website\",\"url\":\"https:\\\/\\\/fitacom.ma\\\/\",\"name\":\"FITACOM\",\"description\":\"Ma Fiduciaire\",\"publisher\":{\"@id\":\"https:\\\/\\\/fitacom.ma\\\/#organization\"},\"potentialAction\":[{\"@type\":\"SearchAction\",\"target\":{\"@type\":\"EntryPoint\",\"urlTemplate\":\"https:\\\/\\\/fitacom.ma\\\/?s={search_term_string}\"},\"query-input\":{\"@type\":\"PropertyValueSpecification\",\"valueRequired\":true,\"valueName\":\"search_term_string\"}}],\"inLanguage\":\"fr-FR\"},{\"@type\":\"Organization\",\"@id\":\"https:\\\/\\\/fitacom.ma\\\/#organization\",\"name\":\"Fitacom\",\"url\":\"https:\\\/\\\/fitacom.ma\\\/\",\"logo\":{\"@type\":\"ImageObject\",\"inLanguage\":\"fr-FR\",\"@id\":\"https:\\\/\\\/fitacom.ma\\\/#\\\/schema\\\/logo\\\/image\\\/\",\"url\":\"http:\\\/\\\/fitacom.ma\\\/wp-content\\\/uploads\\\/2015\\\/10\\\/Sans-titre-e1594796537580.jpg\",\"contentUrl\":\"http:\\\/\\\/fitacom.ma\\\/wp-content\\\/uploads\\\/2015\\\/10\\\/Sans-titre-e1594796537580.jpg\",\"width\":200,\"height\":200,\"caption\":\"Fitacom\"},\"image\":{\"@id\":\"https:\\\/\\\/fitacom.ma\\\/#\\\/schema\\\/logo\\\/image\\\/\"},\"sameAs\":[\"https:\\\/\\\/web.facebook.com\\\/fitacom\\\/\"]}]}<\/script>\n<!-- \/ Yoast SEO plugin. -->","yoast_head_json":{"title":"Affaires sociales - FITACOM","description":"Fond\u00e9e en 2007, la fiduciaire FITACOM SARL Au, est un acteur majeur et actif dans les domaines de la tenue de comptabilit\u00e9, audit, fiscalit\u00e9, administration et conseil en entreprise.","robots":{"index":"index","follow":"follow","max-snippet":"max-snippet:-1","max-image-preview":"max-image-preview:large","max-video-preview":"max-video-preview:-1"},"canonical":"https:\/\/fitacom.ma\/index.php\/telechargements\/social\/","og_locale":"fr_FR","og_type":"article","og_title":"Affaires sociales - FITACOM","og_description":"Fond\u00e9e en 2007, la fiduciaire FITACOM SARL Au, est un acteur majeur et actif dans les domaines de la tenue de comptabilit\u00e9, audit, fiscalit\u00e9, administration et conseil en entreprise.","og_url":"https:\/\/fitacom.ma\/index.php\/telechargements\/social\/","og_site_name":"FITACOM","article_publisher":"https:\/\/web.facebook.com\/fitacom\/","article_modified_time":"2015-11-22T18:28:55+00:00","og_image":[{"url":"http:\/\/fitacom.ma\/wp-content\/uploads\/2015\/10\/pdf_download-150x150.png","type":"","width":"","height":""}],"twitter_card":"summary_large_image","schema":{"@context":"https:\/\/schema.org","@graph":[{"@type":"WebPage","@id":"https:\/\/fitacom.ma\/index.php\/telechargements\/social\/","url":"https:\/\/fitacom.ma\/index.php\/telechargements\/social\/","name":"Affaires sociales - FITACOM","isPartOf":{"@id":"https:\/\/fitacom.ma\/#website"},"primaryImageOfPage":{"@id":"https:\/\/fitacom.ma\/index.php\/telechargements\/social\/#primaryimage"},"image":{"@id":"https:\/\/fitacom.ma\/index.php\/telechargements\/social\/#primaryimage"},"thumbnailUrl":"http:\/\/fitacom.ma\/wp-content\/uploads\/2015\/10\/pdf_download-150x150.png","datePublished":"2015-10-08T11:54:43+00:00","dateModified":"2015-11-22T18:28:55+00:00","description":"Fond\u00e9e en 2007, la fiduciaire FITACOM SARL Au, est un acteur majeur et actif dans les domaines de la tenue de comptabilit\u00e9, audit, fiscalit\u00e9, administration et conseil en entreprise.","breadcrumb":{"@id":"https:\/\/fitacom.ma\/index.php\/telechargements\/social\/#breadcrumb"},"inLanguage":"fr-FR","potentialAction":[{"@type":"ReadAction","target":["https:\/\/fitacom.ma\/index.php\/telechargements\/social\/"]}]},{"@type":"ImageObject","inLanguage":"fr-FR","@id":"https:\/\/fitacom.ma\/index.php\/telechargements\/social\/#primaryimage","url":"http:\/\/fitacom.ma\/wp-content\/uploads\/2015\/10\/pdf_download.png","contentUrl":"http:\/\/fitacom.ma\/wp-content\/uploads\/2015\/10\/pdf_download.png","width":338,"height":334},{"@type":"BreadcrumbList","@id":"https:\/\/fitacom.ma\/index.php\/telechargements\/social\/#breadcrumb","itemListElement":[{"@type":"ListItem","position":1,"name":"Accueil","item":"https:\/\/fitacom.ma\/"},{"@type":"ListItem","position":2,"name":"TELECHARGEMENTS","item":"http:\/\/fitacom.ma\/index.php\/telechargements\/"},{"@type":"ListItem","position":3,"name":"Affaires sociales"}]},{"@type":"WebSite","@id":"https:\/\/fitacom.ma\/#website","url":"https:\/\/fitacom.ma\/","name":"FITACOM","description":"Ma Fiduciaire","publisher":{"@id":"https:\/\/fitacom.ma\/#organization"},"potentialAction":[{"@type":"SearchAction","target":{"@type":"EntryPoint","urlTemplate":"https:\/\/fitacom.ma\/?s={search_term_string}"},"query-input":{"@type":"PropertyValueSpecification","valueRequired":true,"valueName":"search_term_string"}}],"inLanguage":"fr-FR"},{"@type":"Organization","@id":"https:\/\/fitacom.ma\/#organization","name":"Fitacom","url":"https:\/\/fitacom.ma\/","logo":{"@type":"ImageObject","inLanguage":"fr-FR","@id":"https:\/\/fitacom.ma\/#\/schema\/logo\/image\/","url":"http:\/\/fitacom.ma\/wp-content\/uploads\/2015\/10\/Sans-titre-e1594796537580.jpg","contentUrl":"http:\/\/fitacom.ma\/wp-content\/uploads\/2015\/10\/Sans-titre-e1594796537580.jpg","width":200,"height":200,"caption":"Fitacom"},"image":{"@id":"https:\/\/fitacom.ma\/#\/schema\/logo\/image\/"},"sameAs":["https:\/\/web.facebook.com\/fitacom\/"]}]}},"_links":{"self":[{"href":"http:\/\/fitacom.ma\/index.php\/wp-json\/wp\/v2\/pages\/45","targetHints":{"allow":["GET"]}}],"collection":[{"href":"http:\/\/fitacom.ma\/index.php\/wp-json\/wp\/v2\/pages"}],"about":[{"href":"http:\/\/fitacom.ma\/index.php\/wp-json\/wp\/v2\/types\/page"}],"author":[{"embeddable":true,"href":"http:\/\/fitacom.ma\/index.php\/wp-json\/wp\/v2\/users\/1"}],"replies":[{"embeddable":true,"href":"http:\/\/fitacom.ma\/index.php\/wp-json\/wp\/v2\/comments?post=45"}],"version-history":[{"count":8,"href":"http:\/\/fitacom.ma\/index.php\/wp-json\/wp\/v2\/pages\/45\/revisions"}],"predecessor-version":[{"id":137,"href":"http:\/\/fitacom.ma\/index.php\/wp-json\/wp\/v2\/pages\/45\/revisions\/137"}],"up":[{"embeddable":true,"href":"http:\/\/fitacom.ma\/index.php\/wp-json\/wp\/v2\/pages\/11"}],"wp:attachment":[{"href":"http:\/\/fitacom.ma\/index.php\/wp-json\/wp\/v2\/media?parent=45"}],"curies":[{"name":"wp","href":"https:\/\/api.w.org\/{rel}","templated":true}]}}