{"id":41,"date":"2015-10-08T11:53:55","date_gmt":"2015-10-08T11:53:55","guid":{"rendered":"http:\/\/fitacom.ma\/?page_id=41"},"modified":"2015-11-28T14:57:52","modified_gmt":"2015-11-28T14:57:52","slug":"comptabilite","status":"publish","type":"page","link":"http:\/\/fitacom.ma\/index.php\/telechargements\/comptabilite\/","title":{"rendered":"Comptabilit\u00e9 &#038; Fiscalit\u00e9"},"content":{"rendered":"<div class=\"paragraph\">\n<p><strong>NORMES COMPTABLES MAROCAINES:<\/strong><\/p>\n<p><strong>Code g\u00e9n\u00e9ral de la normalisation comptable<\/strong><\/p>\n<p><a href=\"http:\/\/fitacom.ma\/wp-content\/uploads\/2015\/11\/code_general_de_la_normalisation_comptable.pdf\" target=\"_blank\"><img loading=\"lazy\" decoding=\"async\" class=\"alignnone wp-image-107\" src=\"http:\/\/fitacom.ma\/wp-content\/uploads\/2015\/10\/pdf_download-150x150.png\" alt=\"pdf_download\" width=\"40\" height=\"40\" srcset=\"http:\/\/fitacom.ma\/wp-content\/uploads\/2015\/10\/pdf_download-150x150.png 150w, http:\/\/fitacom.ma\/wp-content\/uploads\/2015\/10\/pdf_download-300x296.png 300w, http:\/\/fitacom.ma\/wp-content\/uploads\/2015\/10\/pdf_download.png 338w\" sizes=\"auto, (max-width: 40px) 100vw, 40px\" \/><\/a><\/p>\n<p><strong>Plan comptable des ORMVA au Maroc<\/strong><\/p>\n<p><a href=\"http:\/\/fitacom.ma\/wp-content\/uploads\/2015\/11\/plan_comptable_des_ormva_maroc.pdf\" target=\"_blank\"><img loading=\"lazy\" decoding=\"async\" class=\"alignnone wp-image-107\" src=\"http:\/\/fitacom.ma\/wp-content\/uploads\/2015\/10\/pdf_download-150x150.png\" alt=\"pdf_download\" width=\"40\" height=\"40\" srcset=\"http:\/\/fitacom.ma\/wp-content\/uploads\/2015\/10\/pdf_download-150x150.png 150w, http:\/\/fitacom.ma\/wp-content\/uploads\/2015\/10\/pdf_download-300x296.png 300w, http:\/\/fitacom.ma\/wp-content\/uploads\/2015\/10\/pdf_download.png 338w\" sizes=\"auto, (max-width: 40px) 100vw, 40px\" \/><\/a><\/p>\n<p><strong>Plan comptable des associations marocaines<\/strong><\/p>\n<p><a href=\"http:\/\/fitacom.ma\/wp-content\/uploads\/2015\/11\/plan-comptable-association.pdf\" target=\"_blank\"><img loading=\"lazy\" decoding=\"async\" class=\"alignnone wp-image-107\" src=\"http:\/\/fitacom.ma\/wp-content\/uploads\/2015\/10\/pdf_download-150x150.png\" alt=\"pdf_download\" width=\"40\" height=\"40\" srcset=\"http:\/\/fitacom.ma\/wp-content\/uploads\/2015\/10\/pdf_download-150x150.png 150w, http:\/\/fitacom.ma\/wp-content\/uploads\/2015\/10\/pdf_download-300x296.png 300w, http:\/\/fitacom.ma\/wp-content\/uploads\/2015\/10\/pdf_download.png 338w\" sizes=\"auto, (max-width: 40px) 100vw, 40px\" \/><\/a><\/p>\n<p><strong>Plan comptable du secteur immobilier<\/strong><\/p>\n<p><a href=\"http:\/\/fitacom.ma\/wp-content\/uploads\/2015\/11\/plan_comptable_du_secteur_immobilier.pdf\" target=\"_blank\"><img loading=\"lazy\" decoding=\"async\" class=\"alignnone wp-image-107\" src=\"http:\/\/fitacom.ma\/wp-content\/uploads\/2015\/10\/pdf_download-150x150.png\" alt=\"pdf_download\" width=\"40\" height=\"40\" srcset=\"http:\/\/fitacom.ma\/wp-content\/uploads\/2015\/10\/pdf_download-150x150.png 150w, http:\/\/fitacom.ma\/wp-content\/uploads\/2015\/10\/pdf_download-300x296.png 300w, http:\/\/fitacom.ma\/wp-content\/uploads\/2015\/10\/pdf_download.png 338w\" sizes=\"auto, (max-width: 40px) 100vw, 40px\" \/><\/a><\/p>\n<p><b>FISCALIT\u00c9<\/b><strong>:\u00a0<\/strong><\/p>\n<p><strong>Code g\u00e9n\u00e9ral des imp\u00f4ts de 2014<\/strong><\/p>\n<p><strong><a href=\"http:\/\/fitacom.ma\/wp-content\/uploads\/2015\/10\/pdf_download.png\"><img loading=\"lazy\" decoding=\"async\" class=\"alignnone wp-image-107\" src=\"http:\/\/fitacom.ma\/wp-content\/uploads\/2015\/10\/pdf_download-150x150.png\" alt=\"pdf_download\" width=\"40\" height=\"40\" srcset=\"http:\/\/fitacom.ma\/wp-content\/uploads\/2015\/10\/pdf_download-150x150.png 150w, http:\/\/fitacom.ma\/wp-content\/uploads\/2015\/10\/pdf_download-300x296.png 300w, http:\/\/fitacom.ma\/wp-content\/uploads\/2015\/10\/pdf_download.png 338w\" sizes=\"auto, (max-width: 40px) 100vw, 40px\" \/><\/a>\u00a0<\/strong><\/p>\n<p><strong>Imp\u00f4t sur les Soci\u00e9t\u00e9s:\u00a0<\/strong><br \/>\nRSM010F-15E: Imp\u00f4t sur les Soci\u00e9t\u00e9s: Bordereau \u2013 Avis de versement<\/p>\n<p><strong><a href=\"http:\/\/fitacom.ma\/wp-content\/uploads\/2015\/12\/rsm_010f_15e.pdf\" target=\"_blank\"><img loading=\"lazy\" decoding=\"async\" class=\"alignnone wp-image-107\" src=\"http:\/\/fitacom.ma\/wp-content\/uploads\/2015\/10\/pdf_download-150x150.png\" alt=\"pdf_download\" width=\"40\" height=\"40\" srcset=\"http:\/\/fitacom.ma\/wp-content\/uploads\/2015\/10\/pdf_download-150x150.png 150w, http:\/\/fitacom.ma\/wp-content\/uploads\/2015\/10\/pdf_download-300x296.png 300w, http:\/\/fitacom.ma\/wp-content\/uploads\/2015\/10\/pdf_download.png 338w\" sizes=\"auto, (max-width: 40px) 100vw, 40px\" \/><\/a><\/strong><br \/>\nADM020F-15E: Imp\u00f4t sur les Soci\u00e9t\u00e9s: D\u00e9claration du R\u00e9sultat Fiscal<\/p>\n<p><strong><a href=\"http:\/\/fitacom.ma\/wp-content\/uploads\/2015\/12\/adm_020f_15e.pdf\" target=\"_blank\"><img loading=\"lazy\" decoding=\"async\" class=\"alignnone wp-image-107\" src=\"http:\/\/fitacom.ma\/wp-content\/uploads\/2015\/10\/pdf_download-150x150.png\" alt=\"pdf_download\" width=\"40\" height=\"40\" srcset=\"http:\/\/fitacom.ma\/wp-content\/uploads\/2015\/10\/pdf_download-150x150.png 150w, http:\/\/fitacom.ma\/wp-content\/uploads\/2015\/10\/pdf_download-300x296.png 300w, http:\/\/fitacom.ma\/wp-content\/uploads\/2015\/10\/pdf_download.png 338w\" sizes=\"auto, (max-width: 40px) 100vw, 40px\" \/><\/a><\/strong><br \/>\nADM 090F-12I Imp\u00f4t sur les Soci\u00e9t\u00e9s : D\u00e9claration de dispense de versement<\/p>\n<p><strong><a href=\"http:\/\/fitacom.ma\/wp-content\/uploads\/2015\/12\/adm_090f_12i.pdf\" target=\"_blank\"><img loading=\"lazy\" decoding=\"async\" class=\"alignnone wp-image-107\" src=\"http:\/\/fitacom.ma\/wp-content\/uploads\/2015\/10\/pdf_download-150x150.png\" alt=\"pdf_download\" width=\"40\" height=\"40\" srcset=\"http:\/\/fitacom.ma\/wp-content\/uploads\/2015\/10\/pdf_download-150x150.png 150w, http:\/\/fitacom.ma\/wp-content\/uploads\/2015\/10\/pdf_download-300x296.png 300w, http:\/\/fitacom.ma\/wp-content\/uploads\/2015\/10\/pdf_download.png 338w\" sizes=\"auto, (max-width: 40px) 100vw, 40px\" \/><\/a><\/strong><br \/>\n<strong>Taxe sur la Valeur Ajout\u00e9e\u00a0<\/strong><br \/>\nADC080F-15E : Taxe sur la Valeur Ajout\u00e9e: D\u00e9claration trimestrielle<\/p>\n<p><strong><a href=\"http:\/\/fitacom.ma\/wp-content\/uploads\/2015\/12\/adc_080f_15e.pdf\" target=\"_blank\"><img loading=\"lazy\" decoding=\"async\" class=\"alignnone wp-image-107\" src=\"http:\/\/fitacom.ma\/wp-content\/uploads\/2015\/10\/pdf_download-150x150.png\" alt=\"pdf_download\" width=\"40\" height=\"40\" srcset=\"http:\/\/fitacom.ma\/wp-content\/uploads\/2015\/10\/pdf_download-150x150.png 150w, http:\/\/fitacom.ma\/wp-content\/uploads\/2015\/10\/pdf_download-300x296.png 300w, http:\/\/fitacom.ma\/wp-content\/uploads\/2015\/10\/pdf_download.png 338w\" sizes=\"auto, (max-width: 40px) 100vw, 40px\" \/><\/a><\/strong><br \/>\nADC100F-15E : Taxe sur la valeur Ajout\u00e9e : D\u00e9claration mensuelle<\/p>\n<p><strong><a href=\"http:\/\/fitacom.ma\/wp-content\/uploads\/2015\/12\/adc_100f_15e.pdf\" target=\"_blank\"><img loading=\"lazy\" decoding=\"async\" class=\"alignnone wp-image-107\" src=\"http:\/\/fitacom.ma\/wp-content\/uploads\/2015\/10\/pdf_download-150x150.png\" alt=\"pdf_download\" width=\"40\" height=\"40\" srcset=\"http:\/\/fitacom.ma\/wp-content\/uploads\/2015\/10\/pdf_download-150x150.png 150w, http:\/\/fitacom.ma\/wp-content\/uploads\/2015\/10\/pdf_download-300x296.png 300w, http:\/\/fitacom.ma\/wp-content\/uploads\/2015\/10\/pdf_download.png 338w\" sizes=\"auto, (max-width: 40px) 100vw, 40px\" \/><\/a><\/strong><br \/>\nADC082F-15I\u00a0: Tableau de d\u00e9duction en mati\u00e8re de TVA<\/p>\n<p><strong><a href=\"http:\/\/fitacom.ma\/wp-content\/uploads\/2015\/12\/adc_082f__15i.pdf\" target=\"_blank\"><img loading=\"lazy\" decoding=\"async\" class=\"alignnone wp-image-107\" src=\"http:\/\/fitacom.ma\/wp-content\/uploads\/2015\/10\/pdf_download-150x150.png\" alt=\"pdf_download\" width=\"40\" height=\"40\" srcset=\"http:\/\/fitacom.ma\/wp-content\/uploads\/2015\/10\/pdf_download-150x150.png 150w, http:\/\/fitacom.ma\/wp-content\/uploads\/2015\/10\/pdf_download-300x296.png 300w, http:\/\/fitacom.ma\/wp-content\/uploads\/2015\/10\/pdf_download.png 338w\" sizes=\"auto, (max-width: 40px) 100vw, 40px\" \/><\/a><\/strong><br \/>\nAAC 131F-07I Demande d\u2019exon\u00e9ration de la TVA \u00e0 l\u2019acquisition des biens d\u2019\u00e9quipement destin\u00e9s a l\u2019enseignement priv\u00e9 ou a la formation professionnelle<\/p>\n<p><strong><a href=\"http:\/\/fitacom.ma\/wp-content\/uploads\/2015\/12\/aac_131f_07i.pdf\" target=\"_blank\"><img loading=\"lazy\" decoding=\"async\" class=\"alignnone wp-image-107\" src=\"http:\/\/fitacom.ma\/wp-content\/uploads\/2015\/10\/pdf_download-150x150.png\" alt=\"pdf_download\" width=\"40\" height=\"40\" srcset=\"http:\/\/fitacom.ma\/wp-content\/uploads\/2015\/10\/pdf_download-150x150.png 150w, http:\/\/fitacom.ma\/wp-content\/uploads\/2015\/10\/pdf_download-300x296.png 300w, http:\/\/fitacom.ma\/wp-content\/uploads\/2015\/10\/pdf_download.png 338w\" sizes=\"auto, (max-width: 40px) 100vw, 40px\" \/><\/a><\/strong><br \/>\nAAC 132F-07I Liste des biens d\u2019investissement destines a l\u2019enseignement prive ou \u00e0 la formation professionnelle exon\u00e9r\u00e9s de la TVA<\/p>\n<p><strong><a href=\"http:\/\/fitacom.ma\/wp-content\/uploads\/2015\/12\/aac_132f_07i.pdf\" target=\"_blank\"><img loading=\"lazy\" decoding=\"async\" class=\"alignnone wp-image-107\" src=\"http:\/\/fitacom.ma\/wp-content\/uploads\/2015\/10\/pdf_download-150x150.png\" alt=\"pdf_download\" width=\"40\" height=\"40\" srcset=\"http:\/\/fitacom.ma\/wp-content\/uploads\/2015\/10\/pdf_download-150x150.png 150w, http:\/\/fitacom.ma\/wp-content\/uploads\/2015\/10\/pdf_download-300x296.png 300w, http:\/\/fitacom.ma\/wp-content\/uploads\/2015\/10\/pdf_download.png 338w\" sizes=\"auto, (max-width: 40px) 100vw, 40px\" \/><\/a><\/strong><br \/>\n<strong>Imp\u00f4t sur le Revenu\u00a0<\/strong><br \/>\nRSP020F-15E: Imp\u00f4t sur le revenu : d\u00e9claration des profits fonciers: Bordereau \u2013 Avis de versement<\/p>\n<p><strong><a href=\"http:\/\/fitacom.ma\/wp-content\/uploads\/2015\/12\/rsp_020f_15e.pdf\" target=\"_blank\"><img loading=\"lazy\" decoding=\"async\" class=\"alignnone wp-image-107\" src=\"http:\/\/fitacom.ma\/wp-content\/uploads\/2015\/10\/pdf_download-150x150.png\" alt=\"pdf_download\" width=\"40\" height=\"40\" srcset=\"http:\/\/fitacom.ma\/wp-content\/uploads\/2015\/10\/pdf_download-150x150.png 150w, http:\/\/fitacom.ma\/wp-content\/uploads\/2015\/10\/pdf_download-300x296.png 300w, http:\/\/fitacom.ma\/wp-content\/uploads\/2015\/10\/pdf_download.png 338w\" sizes=\"auto, (max-width: 40px) 100vw, 40px\" \/><\/a><\/strong><br \/>\nRSC010F-15E: Imp\u00f4t sur le revenu: Revenus salariaux et assimil\u00e9s : Bordereau- Avis de versement<\/p>\n<p><strong><a href=\"http:\/\/fitacom.ma\/wp-content\/uploads\/2015\/12\/rsc_010f_15e.pdf\" target=\"_blank\"><img loading=\"lazy\" decoding=\"async\" class=\"alignnone wp-image-107\" src=\"http:\/\/fitacom.ma\/wp-content\/uploads\/2015\/10\/pdf_download-150x150.png\" alt=\"pdf_download\" width=\"40\" height=\"40\" srcset=\"http:\/\/fitacom.ma\/wp-content\/uploads\/2015\/10\/pdf_download-150x150.png 150w, http:\/\/fitacom.ma\/wp-content\/uploads\/2015\/10\/pdf_download-300x296.png 300w, http:\/\/fitacom.ma\/wp-content\/uploads\/2015\/10\/pdf_download.png 338w\" sizes=\"auto, (max-width: 40px) 100vw, 40px\" \/><\/a><\/strong><br \/>\nRSP010F-15E: Imp\u00f4t sur le revenu: Cotisation minimale : Bordereau \u2013 avis de versement<\/p>\n<p><strong><a href=\"http:\/\/fitacom.ma\/wp-content\/uploads\/2015\/12\/rsp_010f_15e.pdf\" target=\"_blank\"><img loading=\"lazy\" decoding=\"async\" class=\"alignnone wp-image-107\" src=\"http:\/\/fitacom.ma\/wp-content\/uploads\/2015\/10\/pdf_download-150x150.png\" alt=\"pdf_download\" width=\"40\" height=\"40\" srcset=\"http:\/\/fitacom.ma\/wp-content\/uploads\/2015\/10\/pdf_download-150x150.png 150w, http:\/\/fitacom.ma\/wp-content\/uploads\/2015\/10\/pdf_download-300x296.png 300w, http:\/\/fitacom.ma\/wp-content\/uploads\/2015\/10\/pdf_download.png 338w\" sizes=\"auto, (max-width: 40px) 100vw, 40px\" \/><\/a><\/strong><br \/>\nADC040F-15E: Imp\u00f4t sur le Revenu: D\u00e9claration des traitements et salaires<\/p>\n<p><strong><a href=\"http:\/\/fitacom.ma\/wp-content\/uploads\/2015\/12\/adc_040f_15e.pdf\" target=\"_blank\"><img loading=\"lazy\" decoding=\"async\" class=\"alignnone wp-image-107\" src=\"http:\/\/fitacom.ma\/wp-content\/uploads\/2015\/10\/pdf_download-150x150.png\" alt=\"pdf_download\" width=\"40\" height=\"40\" srcset=\"http:\/\/fitacom.ma\/wp-content\/uploads\/2015\/10\/pdf_download-150x150.png 150w, http:\/\/fitacom.ma\/wp-content\/uploads\/2015\/10\/pdf_download-300x296.png 300w, http:\/\/fitacom.ma\/wp-content\/uploads\/2015\/10\/pdf_download.png 338w\" sizes=\"auto, (max-width: 40px) 100vw, 40px\" \/><\/a><\/strong><\/p>\n<\/div>\n","protected":false},"excerpt":{"rendered":"<p>NORMES COMPTABLES MAROCAINES: Code g\u00e9n\u00e9ral de la normalisation comptable Plan comptable des ORMVA au Maroc Plan comptable des associations marocaines Plan comptable du secteur immobilier FISCALIT\u00c9:\u00a0 Code g\u00e9n\u00e9ral des imp\u00f4ts de 2014 \u00a0 Imp\u00f4t sur les Soci\u00e9t\u00e9s:\u00a0 RSM010F-15E: Imp\u00f4t sur les Soci\u00e9t\u00e9s: Bordereau \u2013 Avis de versement ADM020F-15E: Imp\u00f4t sur les Soci\u00e9t\u00e9s: D\u00e9claration du R\u00e9sultat [&hellip;]<\/p>\n","protected":false},"author":1,"featured_media":0,"parent":11,"menu_order":0,"comment_status":"closed","ping_status":"closed","template":"","meta":{"inline_featured_image":false,"footnotes":""},"class_list":["post-41","page","type-page","status-publish","hentry"],"yoast_head":"<!-- This site is optimized with the Yoast SEO plugin v27.5 - https:\/\/yoast.com\/product\/yoast-seo-wordpress\/ -->\n<title>Comptabilit\u00e9 &amp; Fiscalit\u00e9 - FITACOM<\/title>\n<meta name=\"description\" content=\"Fond\u00e9e en 2007, la fiduciaire FITACOM SARL Au, est un acteur majeur et actif dans les domaines de la tenue de comptabilit\u00e9, audit, fiscalit\u00e9, administration et conseil en entreprise.\" \/>\n<meta name=\"robots\" content=\"index, follow, max-snippet:-1, max-image-preview:large, max-video-preview:-1\" \/>\n<link rel=\"canonical\" href=\"http:\/\/fitacom.ma\/index.php\/telechargements\/comptabilite\/\" \/>\n<meta property=\"og:locale\" content=\"fr_FR\" \/>\n<meta property=\"og:type\" content=\"article\" \/>\n<meta property=\"og:title\" content=\"Comptabilit\u00e9 &amp; Fiscalit\u00e9 - FITACOM\" \/>\n<meta property=\"og:description\" content=\"Fond\u00e9e en 2007, la fiduciaire FITACOM SARL Au, est un acteur majeur et actif dans les domaines de la tenue de comptabilit\u00e9, audit, fiscalit\u00e9, administration et conseil en entreprise.\" \/>\n<meta property=\"og:url\" content=\"http:\/\/fitacom.ma\/index.php\/telechargements\/comptabilite\/\" \/>\n<meta property=\"og:site_name\" content=\"FITACOM\" \/>\n<meta property=\"article:publisher\" content=\"https:\/\/web.facebook.com\/fitacom\/\" \/>\n<meta property=\"article:modified_time\" content=\"2015-11-28T14:57:52+00:00\" \/>\n<meta property=\"og:image\" content=\"http:\/\/fitacom.ma\/wp-content\/uploads\/2015\/10\/pdf_download-150x150.png\" \/>\n<meta name=\"twitter:card\" content=\"summary_large_image\" \/>\n<meta name=\"twitter:label1\" content=\"Dur\u00e9e de lecture estim\u00e9e\" \/>\n\t<meta name=\"twitter:data1\" content=\"1 minute\" \/>\n<script type=\"application\/ld+json\" class=\"yoast-schema-graph\">{\"@context\":\"https:\\\/\\\/schema.org\",\"@graph\":[{\"@type\":\"WebPage\",\"@id\":\"http:\\\/\\\/fitacom.ma\\\/index.php\\\/telechargements\\\/comptabilite\\\/\",\"url\":\"http:\\\/\\\/fitacom.ma\\\/index.php\\\/telechargements\\\/comptabilite\\\/\",\"name\":\"Comptabilit\u00e9 & Fiscalit\u00e9 - FITACOM\",\"isPartOf\":{\"@id\":\"http:\\\/\\\/fitacom.ma\\\/#website\"},\"primaryImageOfPage\":{\"@id\":\"http:\\\/\\\/fitacom.ma\\\/index.php\\\/telechargements\\\/comptabilite\\\/#primaryimage\"},\"image\":{\"@id\":\"http:\\\/\\\/fitacom.ma\\\/index.php\\\/telechargements\\\/comptabilite\\\/#primaryimage\"},\"thumbnailUrl\":\"http:\\\/\\\/fitacom.ma\\\/wp-content\\\/uploads\\\/2015\\\/10\\\/pdf_download-150x150.png\",\"datePublished\":\"2015-10-08T11:53:55+00:00\",\"dateModified\":\"2015-11-28T14:57:52+00:00\",\"description\":\"Fond\u00e9e en 2007, la fiduciaire FITACOM SARL Au, est un acteur majeur et actif dans les domaines de la tenue de comptabilit\u00e9, audit, fiscalit\u00e9, administration et conseil en entreprise.\",\"breadcrumb\":{\"@id\":\"http:\\\/\\\/fitacom.ma\\\/index.php\\\/telechargements\\\/comptabilite\\\/#breadcrumb\"},\"inLanguage\":\"fr-FR\",\"potentialAction\":[{\"@type\":\"ReadAction\",\"target\":[\"http:\\\/\\\/fitacom.ma\\\/index.php\\\/telechargements\\\/comptabilite\\\/\"]}]},{\"@type\":\"ImageObject\",\"inLanguage\":\"fr-FR\",\"@id\":\"http:\\\/\\\/fitacom.ma\\\/index.php\\\/telechargements\\\/comptabilite\\\/#primaryimage\",\"url\":\"http:\\\/\\\/fitacom.ma\\\/wp-content\\\/uploads\\\/2015\\\/10\\\/pdf_download.png\",\"contentUrl\":\"http:\\\/\\\/fitacom.ma\\\/wp-content\\\/uploads\\\/2015\\\/10\\\/pdf_download.png\",\"width\":338,\"height\":334},{\"@type\":\"BreadcrumbList\",\"@id\":\"http:\\\/\\\/fitacom.ma\\\/index.php\\\/telechargements\\\/comptabilite\\\/#breadcrumb\",\"itemListElement\":[{\"@type\":\"ListItem\",\"position\":1,\"name\":\"Accueil\",\"item\":\"http:\\\/\\\/fitacom.ma\\\/\"},{\"@type\":\"ListItem\",\"position\":2,\"name\":\"TELECHARGEMENTS\",\"item\":\"http:\\\/\\\/fitacom.ma\\\/index.php\\\/telechargements\\\/\"},{\"@type\":\"ListItem\",\"position\":3,\"name\":\"Comptabilit\u00e9 &#038; Fiscalit\u00e9\"}]},{\"@type\":\"WebSite\",\"@id\":\"http:\\\/\\\/fitacom.ma\\\/#website\",\"url\":\"http:\\\/\\\/fitacom.ma\\\/\",\"name\":\"FITACOM\",\"description\":\"Ma Fiduciaire\",\"publisher\":{\"@id\":\"http:\\\/\\\/fitacom.ma\\\/#organization\"},\"potentialAction\":[{\"@type\":\"SearchAction\",\"target\":{\"@type\":\"EntryPoint\",\"urlTemplate\":\"http:\\\/\\\/fitacom.ma\\\/?s={search_term_string}\"},\"query-input\":{\"@type\":\"PropertyValueSpecification\",\"valueRequired\":true,\"valueName\":\"search_term_string\"}}],\"inLanguage\":\"fr-FR\"},{\"@type\":\"Organization\",\"@id\":\"http:\\\/\\\/fitacom.ma\\\/#organization\",\"name\":\"Fitacom\",\"url\":\"http:\\\/\\\/fitacom.ma\\\/\",\"logo\":{\"@type\":\"ImageObject\",\"inLanguage\":\"fr-FR\",\"@id\":\"http:\\\/\\\/fitacom.ma\\\/#\\\/schema\\\/logo\\\/image\\\/\",\"url\":\"http:\\\/\\\/fitacom.ma\\\/wp-content\\\/uploads\\\/2015\\\/10\\\/Sans-titre-e1594796537580.jpg\",\"contentUrl\":\"http:\\\/\\\/fitacom.ma\\\/wp-content\\\/uploads\\\/2015\\\/10\\\/Sans-titre-e1594796537580.jpg\",\"width\":200,\"height\":200,\"caption\":\"Fitacom\"},\"image\":{\"@id\":\"http:\\\/\\\/fitacom.ma\\\/#\\\/schema\\\/logo\\\/image\\\/\"},\"sameAs\":[\"https:\\\/\\\/web.facebook.com\\\/fitacom\\\/\"]}]}<\/script>\n<!-- \/ Yoast SEO plugin. -->","yoast_head_json":{"title":"Comptabilit\u00e9 & Fiscalit\u00e9 - FITACOM","description":"Fond\u00e9e en 2007, la fiduciaire FITACOM SARL Au, est un acteur majeur et actif dans les domaines de la tenue de comptabilit\u00e9, audit, fiscalit\u00e9, administration et conseil en entreprise.","robots":{"index":"index","follow":"follow","max-snippet":"max-snippet:-1","max-image-preview":"max-image-preview:large","max-video-preview":"max-video-preview:-1"},"canonical":"http:\/\/fitacom.ma\/index.php\/telechargements\/comptabilite\/","og_locale":"fr_FR","og_type":"article","og_title":"Comptabilit\u00e9 & Fiscalit\u00e9 - FITACOM","og_description":"Fond\u00e9e en 2007, la fiduciaire FITACOM SARL Au, est un acteur majeur et actif dans les domaines de la tenue de comptabilit\u00e9, audit, fiscalit\u00e9, administration et conseil en entreprise.","og_url":"http:\/\/fitacom.ma\/index.php\/telechargements\/comptabilite\/","og_site_name":"FITACOM","article_publisher":"https:\/\/web.facebook.com\/fitacom\/","article_modified_time":"2015-11-28T14:57:52+00:00","og_image":[{"url":"http:\/\/fitacom.ma\/wp-content\/uploads\/2015\/10\/pdf_download-150x150.png","type":"","width":"","height":""}],"twitter_card":"summary_large_image","twitter_misc":{"Dur\u00e9e de lecture estim\u00e9e":"1 minute"},"schema":{"@context":"https:\/\/schema.org","@graph":[{"@type":"WebPage","@id":"http:\/\/fitacom.ma\/index.php\/telechargements\/comptabilite\/","url":"http:\/\/fitacom.ma\/index.php\/telechargements\/comptabilite\/","name":"Comptabilit\u00e9 & Fiscalit\u00e9 - FITACOM","isPartOf":{"@id":"http:\/\/fitacom.ma\/#website"},"primaryImageOfPage":{"@id":"http:\/\/fitacom.ma\/index.php\/telechargements\/comptabilite\/#primaryimage"},"image":{"@id":"http:\/\/fitacom.ma\/index.php\/telechargements\/comptabilite\/#primaryimage"},"thumbnailUrl":"http:\/\/fitacom.ma\/wp-content\/uploads\/2015\/10\/pdf_download-150x150.png","datePublished":"2015-10-08T11:53:55+00:00","dateModified":"2015-11-28T14:57:52+00:00","description":"Fond\u00e9e en 2007, la fiduciaire FITACOM SARL Au, est un acteur majeur et actif dans les domaines de la tenue de comptabilit\u00e9, audit, fiscalit\u00e9, administration et conseil en entreprise.","breadcrumb":{"@id":"http:\/\/fitacom.ma\/index.php\/telechargements\/comptabilite\/#breadcrumb"},"inLanguage":"fr-FR","potentialAction":[{"@type":"ReadAction","target":["http:\/\/fitacom.ma\/index.php\/telechargements\/comptabilite\/"]}]},{"@type":"ImageObject","inLanguage":"fr-FR","@id":"http:\/\/fitacom.ma\/index.php\/telechargements\/comptabilite\/#primaryimage","url":"http:\/\/fitacom.ma\/wp-content\/uploads\/2015\/10\/pdf_download.png","contentUrl":"http:\/\/fitacom.ma\/wp-content\/uploads\/2015\/10\/pdf_download.png","width":338,"height":334},{"@type":"BreadcrumbList","@id":"http:\/\/fitacom.ma\/index.php\/telechargements\/comptabilite\/#breadcrumb","itemListElement":[{"@type":"ListItem","position":1,"name":"Accueil","item":"http:\/\/fitacom.ma\/"},{"@type":"ListItem","position":2,"name":"TELECHARGEMENTS","item":"http:\/\/fitacom.ma\/index.php\/telechargements\/"},{"@type":"ListItem","position":3,"name":"Comptabilit\u00e9 &#038; Fiscalit\u00e9"}]},{"@type":"WebSite","@id":"http:\/\/fitacom.ma\/#website","url":"http:\/\/fitacom.ma\/","name":"FITACOM","description":"Ma Fiduciaire","publisher":{"@id":"http:\/\/fitacom.ma\/#organization"},"potentialAction":[{"@type":"SearchAction","target":{"@type":"EntryPoint","urlTemplate":"http:\/\/fitacom.ma\/?s={search_term_string}"},"query-input":{"@type":"PropertyValueSpecification","valueRequired":true,"valueName":"search_term_string"}}],"inLanguage":"fr-FR"},{"@type":"Organization","@id":"http:\/\/fitacom.ma\/#organization","name":"Fitacom","url":"http:\/\/fitacom.ma\/","logo":{"@type":"ImageObject","inLanguage":"fr-FR","@id":"http:\/\/fitacom.ma\/#\/schema\/logo\/image\/","url":"http:\/\/fitacom.ma\/wp-content\/uploads\/2015\/10\/Sans-titre-e1594796537580.jpg","contentUrl":"http:\/\/fitacom.ma\/wp-content\/uploads\/2015\/10\/Sans-titre-e1594796537580.jpg","width":200,"height":200,"caption":"Fitacom"},"image":{"@id":"http:\/\/fitacom.ma\/#\/schema\/logo\/image\/"},"sameAs":["https:\/\/web.facebook.com\/fitacom\/"]}]}},"_links":{"self":[{"href":"http:\/\/fitacom.ma\/index.php\/wp-json\/wp\/v2\/pages\/41","targetHints":{"allow":["GET"]}}],"collection":[{"href":"http:\/\/fitacom.ma\/index.php\/wp-json\/wp\/v2\/pages"}],"about":[{"href":"http:\/\/fitacom.ma\/index.php\/wp-json\/wp\/v2\/types\/page"}],"author":[{"embeddable":true,"href":"http:\/\/fitacom.ma\/index.php\/wp-json\/wp\/v2\/users\/1"}],"replies":[{"embeddable":true,"href":"http:\/\/fitacom.ma\/index.php\/wp-json\/wp\/v2\/comments?post=41"}],"version-history":[{"count":15,"href":"http:\/\/fitacom.ma\/index.php\/wp-json\/wp\/v2\/pages\/41\/revisions"}],"predecessor-version":[{"id":151,"href":"http:\/\/fitacom.ma\/index.php\/wp-json\/wp\/v2\/pages\/41\/revisions\/151"}],"up":[{"embeddable":true,"href":"http:\/\/fitacom.ma\/index.php\/wp-json\/wp\/v2\/pages\/11"}],"wp:attachment":[{"href":"http:\/\/fitacom.ma\/index.php\/wp-json\/wp\/v2\/media?parent=41"}],"curies":[{"name":"wp","href":"https:\/\/api.w.org\/{rel}","templated":true}]}}