{"id":32,"date":"2015-10-07T18:38:54","date_gmt":"2015-10-07T18:38:54","guid":{"rendered":"http:\/\/fitacom.ma\/?page_id=32"},"modified":"2015-11-22T17:24:07","modified_gmt":"2015-11-22T17:24:07","slug":"compta","status":"publish","type":"page","link":"http:\/\/fitacom.ma\/index.php\/services\/compta\/","title":{"rendered":"Comptabilit\u00e9, Fiscalit\u00e9 et Gestion"},"content":{"rendered":"<p>Fitacom accompagne depuis plusieurs ann\u00e9es les entreprises dans leur gestion comptable et fiscale.<\/p>\n<p><strong>Comptabilit\u00e9<\/strong><\/p>\n<p>\u2022\u00a0\u00a0\u00a0 Saisie et r\u00e9vision des \u00e9critures<br \/>\n\u2022\u00a0\u00a0\u00a0 Tenue de comptes et bouclement<br \/>\n\u2022\u00a0\u00a0\u00a0 Etablissement bilans, comptes de r\u00e9sultat, annexes<br \/>\n\u2022\u00a0\u00a0\u00a0 Situation interm\u00e9diaire<br \/>\n\u2022\u00a0\u00a0\u00a0 Gestion des livres l\u00e9gaux<br \/>\n\u2022\u00a0\u00a0\u00a0 Scan de vos documents<br \/>\n\u2022\u00a0\u00a0\u00a0 Gestion des immobilisations<br \/>\n\u2022\u00a0\u00a0\u00a0 Sauvegarde et conservation des donn\u00e9es<\/p>\n<p><strong>Fiscalit\u00e9<\/strong><\/p>\n<ul>\n<li>D\u00e9claration de fin d\u2019exercice<\/li>\n<li>D\u00e9clarations p\u00e9riodiques:<br \/>\n&#8211; TVA , R.A.S<br \/>\n&#8211; IS , Taxe Professionnelle et T-H,T-SC<br \/>\n&#8211; IR ,CNSS ET Etat 9421.<\/li>\n<li>Taxe professionnelle<\/li>\n<li>Assistance en cas de v\u00e9rification fiscale<\/li>\n<\/ul>\n<p><strong>Gestion<\/strong><\/p>\n<ul>\n<li>Etablissement de budgets<\/li>\n<li>Suivi mensuel des pr\u00e9visions et analyses<\/li>\n<li>Analyse et comparaison sectorielles<\/li>\n<li>Diagnostic des difficult\u00e9s<\/li>\n<li>Conseil en gestion et organisation<\/li>\n<\/ul>\n","protected":false},"excerpt":{"rendered":"<p>Fitacom accompagne depuis plusieurs ann\u00e9es les entreprises dans leur gestion comptable et fiscale. Comptabilit\u00e9 \u2022\u00a0\u00a0\u00a0 Saisie et r\u00e9vision des \u00e9critures \u2022\u00a0\u00a0\u00a0 Tenue de comptes et bouclement \u2022\u00a0\u00a0\u00a0 Etablissement bilans, comptes de r\u00e9sultat, annexes \u2022\u00a0\u00a0\u00a0 Situation interm\u00e9diaire \u2022\u00a0\u00a0\u00a0 Gestion des livres l\u00e9gaux \u2022\u00a0\u00a0\u00a0 Scan de vos documents \u2022\u00a0\u00a0\u00a0 Gestion des immobilisations \u2022\u00a0\u00a0\u00a0 Sauvegarde et conservation des [&hellip;]<\/p>\n","protected":false},"author":1,"featured_media":0,"parent":15,"menu_order":0,"comment_status":"closed","ping_status":"closed","template":"","meta":{"inline_featured_image":false,"footnotes":""},"class_list":["post-32","page","type-page","status-publish","hentry"],"yoast_head":"<!-- This site is optimized with the Yoast SEO plugin v27.5 - https:\/\/yoast.com\/product\/yoast-seo-wordpress\/ -->\n<title>Comptabilit\u00e9, Fiscalit\u00e9 et Gestion - FITACOM<\/title>\n<meta name=\"description\" content=\"Fond\u00e9e en 2007, la fiduciaire FITACOM SARL Au, est un acteur majeur et actif dans les domaines de la tenue de comptabilit\u00e9, audit, fiscalit\u00e9, administration et conseil en entreprise.\" \/>\n<meta name=\"robots\" content=\"index, follow, max-snippet:-1, max-image-preview:large, max-video-preview:-1\" \/>\n<link rel=\"canonical\" href=\"http:\/\/fitacom.ma\/index.php\/services\/compta\/\" \/>\n<meta property=\"og:locale\" content=\"fr_FR\" \/>\n<meta property=\"og:type\" content=\"article\" \/>\n<meta property=\"og:title\" content=\"Comptabilit\u00e9, Fiscalit\u00e9 et Gestion - FITACOM\" \/>\n<meta property=\"og:description\" content=\"Fond\u00e9e en 2007, la fiduciaire FITACOM SARL Au, est un acteur majeur et actif dans les domaines de la tenue de comptabilit\u00e9, audit, fiscalit\u00e9, administration et conseil en entreprise.\" \/>\n<meta property=\"og:url\" content=\"http:\/\/fitacom.ma\/index.php\/services\/compta\/\" \/>\n<meta property=\"og:site_name\" content=\"FITACOM\" \/>\n<meta property=\"article:publisher\" content=\"https:\/\/web.facebook.com\/fitacom\/\" \/>\n<meta property=\"article:modified_time\" content=\"2015-11-22T17:24:07+00:00\" \/>\n<meta name=\"twitter:card\" content=\"summary_large_image\" \/>\n<meta name=\"twitter:label1\" content=\"Dur\u00e9e de lecture estim\u00e9e\" \/>\n\t<meta name=\"twitter:data1\" content=\"1 minute\" \/>\n<script type=\"application\/ld+json\" class=\"yoast-schema-graph\">{\"@context\":\"https:\\\/\\\/schema.org\",\"@graph\":[{\"@type\":\"WebPage\",\"@id\":\"http:\\\/\\\/fitacom.ma\\\/index.php\\\/services\\\/compta\\\/\",\"url\":\"http:\\\/\\\/fitacom.ma\\\/index.php\\\/services\\\/compta\\\/\",\"name\":\"Comptabilit\u00e9, Fiscalit\u00e9 et Gestion - FITACOM\",\"isPartOf\":{\"@id\":\"http:\\\/\\\/fitacom.ma\\\/#website\"},\"datePublished\":\"2015-10-07T18:38:54+00:00\",\"dateModified\":\"2015-11-22T17:24:07+00:00\",\"description\":\"Fond\u00e9e en 2007, la fiduciaire FITACOM SARL Au, est un acteur majeur et actif dans les domaines de la tenue de comptabilit\u00e9, audit, fiscalit\u00e9, administration et conseil en entreprise.\",\"breadcrumb\":{\"@id\":\"http:\\\/\\\/fitacom.ma\\\/index.php\\\/services\\\/compta\\\/#breadcrumb\"},\"inLanguage\":\"fr-FR\",\"potentialAction\":[{\"@type\":\"ReadAction\",\"target\":[\"http:\\\/\\\/fitacom.ma\\\/index.php\\\/services\\\/compta\\\/\"]}]},{\"@type\":\"BreadcrumbList\",\"@id\":\"http:\\\/\\\/fitacom.ma\\\/index.php\\\/services\\\/compta\\\/#breadcrumb\",\"itemListElement\":[{\"@type\":\"ListItem\",\"position\":1,\"name\":\"Accueil\",\"item\":\"http:\\\/\\\/fitacom.ma\\\/\"},{\"@type\":\"ListItem\",\"position\":2,\"name\":\"SERVICES\",\"item\":\"https:\\\/\\\/fitacom.ma\\\/index.php\\\/services\\\/\"},{\"@type\":\"ListItem\",\"position\":3,\"name\":\"Comptabilit\u00e9, Fiscalit\u00e9 et Gestion\"}]},{\"@type\":\"WebSite\",\"@id\":\"http:\\\/\\\/fitacom.ma\\\/#website\",\"url\":\"http:\\\/\\\/fitacom.ma\\\/\",\"name\":\"FITACOM\",\"description\":\"Ma Fiduciaire\",\"publisher\":{\"@id\":\"http:\\\/\\\/fitacom.ma\\\/#organization\"},\"potentialAction\":[{\"@type\":\"SearchAction\",\"target\":{\"@type\":\"EntryPoint\",\"urlTemplate\":\"http:\\\/\\\/fitacom.ma\\\/?s={search_term_string}\"},\"query-input\":{\"@type\":\"PropertyValueSpecification\",\"valueRequired\":true,\"valueName\":\"search_term_string\"}}],\"inLanguage\":\"fr-FR\"},{\"@type\":\"Organization\",\"@id\":\"http:\\\/\\\/fitacom.ma\\\/#organization\",\"name\":\"Fitacom\",\"url\":\"http:\\\/\\\/fitacom.ma\\\/\",\"logo\":{\"@type\":\"ImageObject\",\"inLanguage\":\"fr-FR\",\"@id\":\"http:\\\/\\\/fitacom.ma\\\/#\\\/schema\\\/logo\\\/image\\\/\",\"url\":\"http:\\\/\\\/fitacom.ma\\\/wp-content\\\/uploads\\\/2015\\\/10\\\/Sans-titre-e1594796537580.jpg\",\"contentUrl\":\"http:\\\/\\\/fitacom.ma\\\/wp-content\\\/uploads\\\/2015\\\/10\\\/Sans-titre-e1594796537580.jpg\",\"width\":200,\"height\":200,\"caption\":\"Fitacom\"},\"image\":{\"@id\":\"http:\\\/\\\/fitacom.ma\\\/#\\\/schema\\\/logo\\\/image\\\/\"},\"sameAs\":[\"https:\\\/\\\/web.facebook.com\\\/fitacom\\\/\"]}]}<\/script>\n<!-- \/ Yoast SEO plugin. -->","yoast_head_json":{"title":"Comptabilit\u00e9, Fiscalit\u00e9 et Gestion - FITACOM","description":"Fond\u00e9e en 2007, la fiduciaire FITACOM SARL Au, est un acteur majeur et actif dans les domaines de la tenue de comptabilit\u00e9, audit, fiscalit\u00e9, administration et conseil en entreprise.","robots":{"index":"index","follow":"follow","max-snippet":"max-snippet:-1","max-image-preview":"max-image-preview:large","max-video-preview":"max-video-preview:-1"},"canonical":"http:\/\/fitacom.ma\/index.php\/services\/compta\/","og_locale":"fr_FR","og_type":"article","og_title":"Comptabilit\u00e9, Fiscalit\u00e9 et Gestion - FITACOM","og_description":"Fond\u00e9e en 2007, la fiduciaire FITACOM SARL Au, est un acteur majeur et actif dans les domaines de la tenue de comptabilit\u00e9, audit, fiscalit\u00e9, administration et conseil en entreprise.","og_url":"http:\/\/fitacom.ma\/index.php\/services\/compta\/","og_site_name":"FITACOM","article_publisher":"https:\/\/web.facebook.com\/fitacom\/","article_modified_time":"2015-11-22T17:24:07+00:00","twitter_card":"summary_large_image","twitter_misc":{"Dur\u00e9e de lecture estim\u00e9e":"1 minute"},"schema":{"@context":"https:\/\/schema.org","@graph":[{"@type":"WebPage","@id":"http:\/\/fitacom.ma\/index.php\/services\/compta\/","url":"http:\/\/fitacom.ma\/index.php\/services\/compta\/","name":"Comptabilit\u00e9, Fiscalit\u00e9 et Gestion - FITACOM","isPartOf":{"@id":"http:\/\/fitacom.ma\/#website"},"datePublished":"2015-10-07T18:38:54+00:00","dateModified":"2015-11-22T17:24:07+00:00","description":"Fond\u00e9e en 2007, la fiduciaire FITACOM SARL Au, est un acteur majeur et actif dans les domaines de la tenue de comptabilit\u00e9, audit, fiscalit\u00e9, administration et conseil en entreprise.","breadcrumb":{"@id":"http:\/\/fitacom.ma\/index.php\/services\/compta\/#breadcrumb"},"inLanguage":"fr-FR","potentialAction":[{"@type":"ReadAction","target":["http:\/\/fitacom.ma\/index.php\/services\/compta\/"]}]},{"@type":"BreadcrumbList","@id":"http:\/\/fitacom.ma\/index.php\/services\/compta\/#breadcrumb","itemListElement":[{"@type":"ListItem","position":1,"name":"Accueil","item":"http:\/\/fitacom.ma\/"},{"@type":"ListItem","position":2,"name":"SERVICES","item":"https:\/\/fitacom.ma\/index.php\/services\/"},{"@type":"ListItem","position":3,"name":"Comptabilit\u00e9, Fiscalit\u00e9 et Gestion"}]},{"@type":"WebSite","@id":"http:\/\/fitacom.ma\/#website","url":"http:\/\/fitacom.ma\/","name":"FITACOM","description":"Ma Fiduciaire","publisher":{"@id":"http:\/\/fitacom.ma\/#organization"},"potentialAction":[{"@type":"SearchAction","target":{"@type":"EntryPoint","urlTemplate":"http:\/\/fitacom.ma\/?s={search_term_string}"},"query-input":{"@type":"PropertyValueSpecification","valueRequired":true,"valueName":"search_term_string"}}],"inLanguage":"fr-FR"},{"@type":"Organization","@id":"http:\/\/fitacom.ma\/#organization","name":"Fitacom","url":"http:\/\/fitacom.ma\/","logo":{"@type":"ImageObject","inLanguage":"fr-FR","@id":"http:\/\/fitacom.ma\/#\/schema\/logo\/image\/","url":"http:\/\/fitacom.ma\/wp-content\/uploads\/2015\/10\/Sans-titre-e1594796537580.jpg","contentUrl":"http:\/\/fitacom.ma\/wp-content\/uploads\/2015\/10\/Sans-titre-e1594796537580.jpg","width":200,"height":200,"caption":"Fitacom"},"image":{"@id":"http:\/\/fitacom.ma\/#\/schema\/logo\/image\/"},"sameAs":["https:\/\/web.facebook.com\/fitacom\/"]}]}},"_links":{"self":[{"href":"http:\/\/fitacom.ma\/index.php\/wp-json\/wp\/v2\/pages\/32","targetHints":{"allow":["GET"]}}],"collection":[{"href":"http:\/\/fitacom.ma\/index.php\/wp-json\/wp\/v2\/pages"}],"about":[{"href":"http:\/\/fitacom.ma\/index.php\/wp-json\/wp\/v2\/types\/page"}],"author":[{"embeddable":true,"href":"http:\/\/fitacom.ma\/index.php\/wp-json\/wp\/v2\/users\/1"}],"replies":[{"embeddable":true,"href":"http:\/\/fitacom.ma\/index.php\/wp-json\/wp\/v2\/comments?post=32"}],"version-history":[{"count":4,"href":"http:\/\/fitacom.ma\/index.php\/wp-json\/wp\/v2\/pages\/32\/revisions"}],"predecessor-version":[{"id":129,"href":"http:\/\/fitacom.ma\/index.php\/wp-json\/wp\/v2\/pages\/32\/revisions\/129"}],"up":[{"embeddable":true,"href":"http:\/\/fitacom.ma\/index.php\/wp-json\/wp\/v2\/pages\/15"}],"wp:attachment":[{"href":"http:\/\/fitacom.ma\/index.php\/wp-json\/wp\/v2\/media?parent=32"}],"curies":[{"name":"wp","href":"https:\/\/api.w.org\/{rel}","templated":true}]}}