{"id":27,"date":"2015-10-07T17:49:23","date_gmt":"2015-10-07T17:49:23","guid":{"rendered":"http:\/\/fitacom.ma\/?page_id=27"},"modified":"2020-07-13T14:06:14","modified_gmt":"2020-07-13T14:06:14","slug":"contact","status":"publish","type":"page","link":"http:\/\/fitacom.ma\/index.php\/contact\/","title":{"rendered":"CONTACT"},"content":{"rendered":"<div class=\"ft-contact\">\n<div class=\"ft-contact-map\">\n<h1>O\u00f9 nous trouver<\/h1>\n<p><iframe loading=\"lazy\" style=\"border: 0; border-radius: 10px;\" tabindex=\"0\" src=\"https:\/\/www.google.com\/maps\/embed?pb=!1m18!1m12!1m3!1d826.7393404618639!2d-6.8491635118732335!3d34.01930539878252!2m3!1f0!2f0!3f0!3m2!1i1024!2i768!4f13.1!3m3!1m2!1s0xda76d0bf5e50e23%3A0x831cf2ed8fc81205!2sFitacom!5e0!3m2!1sen!2sma!4v1594646962888!5m2!1sen!2sma\" width=\"600\" height=\"450\" frameborder=\"0\" allowfullscreen=\"allowfullscreen\" aria-hidden=\"false\"><span data-mce-type=\"bookmark\" style=\"display: inline-block; width: 0px; overflow: hidden; line-height: 0;\" class=\"mce_SELRES_start\">\ufeff<\/span><\/iframe><\/p>\n<\/div>\n<div class=\"ft-contact-form\">\n<div class=\"wpcf7 no-js\" id=\"wpcf7-f163-o1\" lang=\"fr-FR\" dir=\"ltr\" data-wpcf7-id=\"163\">\n<div class=\"screen-reader-response\"><p role=\"status\" aria-live=\"polite\" aria-atomic=\"true\"><\/p> <ul><\/ul><\/div>\n<form action=\"\/index.php\/wp-json\/wp\/v2\/pages\/27#wpcf7-f163-o1\" method=\"post\" class=\"wpcf7-form init\" aria-label=\"Formulaire de contact\" novalidate=\"novalidate\" data-status=\"init\">\n<fieldset class=\"hidden-fields-container\"><input type=\"hidden\" name=\"_wpcf7\" value=\"163\" \/><input type=\"hidden\" name=\"_wpcf7_version\" value=\"6.1.5\" \/><input type=\"hidden\" name=\"_wpcf7_locale\" value=\"fr_FR\" \/><input type=\"hidden\" name=\"_wpcf7_unit_tag\" value=\"wpcf7-f163-o1\" \/><input type=\"hidden\" name=\"_wpcf7_container_post\" value=\"0\" \/><input type=\"hidden\" name=\"_wpcf7_posted_data_hash\" value=\"\" \/><input type=\"hidden\" name=\"_wpcf7_recaptcha_response\" value=\"\" \/>\n<\/fieldset>\n<p><label> Votre nom (obligatoire)<br \/>\n<span class=\"wpcf7-form-control-wrap\" data-name=\"your-name\"><input size=\"40\" maxlength=\"400\" class=\"wpcf7-form-control wpcf7-text wpcf7-validates-as-required\" aria-required=\"true\" aria-invalid=\"false\" value=\"\" type=\"text\" name=\"your-name\" \/><\/span> <\/label>\n<\/p>\n<p><label> Votre adresse de messagerie (obligatoire)<br \/>\n<span class=\"wpcf7-form-control-wrap\" data-name=\"your-email\"><input size=\"40\" maxlength=\"400\" class=\"wpcf7-form-control wpcf7-email wpcf7-validates-as-required wpcf7-text wpcf7-validates-as-email\" aria-required=\"true\" aria-invalid=\"false\" value=\"\" type=\"email\" name=\"your-email\" \/><\/span> <\/label>\n<\/p>\n<p><label> Entreprise<br \/>\n<span class=\"wpcf7-form-control-wrap\" data-name=\"your-company\"><input size=\"40\" maxlength=\"400\" class=\"wpcf7-form-control wpcf7-text\" aria-invalid=\"false\" value=\"\" type=\"text\" name=\"your-company\" \/><\/span> <\/label>\n<\/p>\n<p><label> Tel (obligatoire)<br \/>\n<span class=\"wpcf7-form-control-wrap\" data-name=\"tel-541\"><input size=\"40\" maxlength=\"400\" class=\"wpcf7-form-control wpcf7-tel wpcf7-validates-as-required wpcf7-text wpcf7-validates-as-tel\" aria-required=\"true\" aria-invalid=\"false\" value=\"\" type=\"tel\" name=\"tel-541\" \/><\/span> <\/label>\n<\/p>\n<p><label> Objet (obligatoire)<br \/>\n<span class=\"wpcf7-form-control-wrap\" data-name=\"your-subject\"><input size=\"40\" maxlength=\"400\" class=\"wpcf7-form-control wpcf7-text wpcf7-validates-as-required\" aria-required=\"true\" aria-invalid=\"false\" value=\"\" type=\"text\" name=\"your-subject\" \/><\/span> <\/label>\n<\/p>\n<p><label> Votre message (Obligatoire)<br \/>\n<span class=\"wpcf7-form-control-wrap\" data-name=\"your-message\"><textarea cols=\"40\" rows=\"10\" maxlength=\"2000\" class=\"wpcf7-form-control wpcf7-textarea wpcf7-validates-as-required\" aria-required=\"true\" aria-invalid=\"false\" name=\"your-message\"><\/textarea><\/span> <\/label>\n<\/p>\n<p>En soumettant ce formulaire, vous acceptez que Fitacom utilise vos donn\u00e9es personnelles pr\u00e9c\u00e9demment communiqu\u00e9es dans le cadre de votre contact.\n<\/p>\n\n<p><input class=\"wpcf7-form-control wpcf7-submit has-spinner\" type=\"submit\" value=\"Envoyer\" \/>\n<\/p><p style=\"display: none !important;\" class=\"akismet-fields-container\" data-prefix=\"_wpcf7_ak_\"><label>&#916;<textarea name=\"_wpcf7_ak_hp_textarea\" cols=\"45\" rows=\"8\" maxlength=\"100\"><\/textarea><\/label><input type=\"hidden\" id=\"ak_js_1\" name=\"_wpcf7_ak_js\" value=\"197\"\/><script type=\"text\/javascript\">\n\/* <![CDATA[ *\/\ndocument.getElementById( \"ak_js_1\" ).setAttribute( \"value\", ( new Date() ).getTime() );\n\/* ]]> *\/\n<\/script>\n<\/p><div class=\"wpcf7-response-output\" aria-hidden=\"true\"><\/div>\n<\/form>\n<\/div>\n<\/div>\n<\/div>\n","protected":false},"excerpt":{"rendered":"<p>O\u00f9 nous trouver \ufeff<\/p>\n","protected":false},"author":1,"featured_media":0,"parent":0,"menu_order":0,"comment_status":"closed","ping_status":"closed","template":"","meta":{"inline_featured_image":false,"footnotes":""},"class_list":["post-27","page","type-page","status-publish","hentry"],"yoast_head":"<!-- This site is optimized with the Yoast SEO plugin v27.5 - https:\/\/yoast.com\/product\/yoast-seo-wordpress\/ -->\n<title>CONTACT - FITACOM<\/title>\n<meta name=\"description\" content=\"Fond\u00e9e en 2007, la fiduciaire FITACOM SARL Au, est un acteur majeur et actif dans les domaines de la tenue de comptabilit\u00e9, audit, fiscalit\u00e9, administration et conseil en entreprise.\" \/>\n<meta name=\"robots\" content=\"index, follow, max-snippet:-1, max-image-preview:large, max-video-preview:-1\" \/>\n<link rel=\"canonical\" href=\"http:\/\/fitacom.ma\/index.php\/contact\/\" \/>\n<meta property=\"og:locale\" content=\"fr_FR\" \/>\n<meta property=\"og:type\" content=\"article\" \/>\n<meta property=\"og:title\" content=\"CONTACT - FITACOM\" \/>\n<meta property=\"og:description\" content=\"Fond\u00e9e en 2007, la fiduciaire FITACOM SARL Au, est un acteur majeur et actif dans les domaines de la tenue de comptabilit\u00e9, audit, fiscalit\u00e9, administration et conseil en entreprise.\" \/>\n<meta property=\"og:url\" content=\"http:\/\/fitacom.ma\/index.php\/contact\/\" \/>\n<meta property=\"og:site_name\" content=\"FITACOM\" \/>\n<meta property=\"article:publisher\" content=\"https:\/\/web.facebook.com\/fitacom\/\" \/>\n<meta property=\"article:modified_time\" content=\"2020-07-13T14:06:14+00:00\" \/>\n<meta name=\"twitter:card\" content=\"summary_large_image\" \/>\n<script type=\"application\/ld+json\" class=\"yoast-schema-graph\">{\"@context\":\"https:\\\/\\\/schema.org\",\"@graph\":[{\"@type\":\"WebPage\",\"@id\":\"http:\\\/\\\/fitacom.ma\\\/index.php\\\/contact\\\/\",\"url\":\"http:\\\/\\\/fitacom.ma\\\/index.php\\\/contact\\\/\",\"name\":\"CONTACT - FITACOM\",\"isPartOf\":{\"@id\":\"http:\\\/\\\/fitacom.ma\\\/#website\"},\"datePublished\":\"2015-10-07T17:49:23+00:00\",\"dateModified\":\"2020-07-13T14:06:14+00:00\",\"description\":\"Fond\u00e9e en 2007, la fiduciaire FITACOM SARL Au, est un acteur majeur et actif dans les domaines de la tenue de comptabilit\u00e9, audit, fiscalit\u00e9, administration et conseil en entreprise.\",\"breadcrumb\":{\"@id\":\"http:\\\/\\\/fitacom.ma\\\/index.php\\\/contact\\\/#breadcrumb\"},\"inLanguage\":\"fr-FR\",\"potentialAction\":[{\"@type\":\"ReadAction\",\"target\":[\"http:\\\/\\\/fitacom.ma\\\/index.php\\\/contact\\\/\"]}]},{\"@type\":\"BreadcrumbList\",\"@id\":\"http:\\\/\\\/fitacom.ma\\\/index.php\\\/contact\\\/#breadcrumb\",\"itemListElement\":[{\"@type\":\"ListItem\",\"position\":1,\"name\":\"Accueil\",\"item\":\"http:\\\/\\\/fitacom.ma\\\/\"},{\"@type\":\"ListItem\",\"position\":2,\"name\":\"CONTACT\"}]},{\"@type\":\"WebSite\",\"@id\":\"http:\\\/\\\/fitacom.ma\\\/#website\",\"url\":\"http:\\\/\\\/fitacom.ma\\\/\",\"name\":\"FITACOM\",\"description\":\"Ma Fiduciaire\",\"publisher\":{\"@id\":\"http:\\\/\\\/fitacom.ma\\\/#organization\"},\"potentialAction\":[{\"@type\":\"SearchAction\",\"target\":{\"@type\":\"EntryPoint\",\"urlTemplate\":\"http:\\\/\\\/fitacom.ma\\\/?s={search_term_string}\"},\"query-input\":{\"@type\":\"PropertyValueSpecification\",\"valueRequired\":true,\"valueName\":\"search_term_string\"}}],\"inLanguage\":\"fr-FR\"},{\"@type\":\"Organization\",\"@id\":\"http:\\\/\\\/fitacom.ma\\\/#organization\",\"name\":\"Fitacom\",\"url\":\"http:\\\/\\\/fitacom.ma\\\/\",\"logo\":{\"@type\":\"ImageObject\",\"inLanguage\":\"fr-FR\",\"@id\":\"http:\\\/\\\/fitacom.ma\\\/#\\\/schema\\\/logo\\\/image\\\/\",\"url\":\"http:\\\/\\\/fitacom.ma\\\/wp-content\\\/uploads\\\/2015\\\/10\\\/Sans-titre-e1594796537580.jpg\",\"contentUrl\":\"http:\\\/\\\/fitacom.ma\\\/wp-content\\\/uploads\\\/2015\\\/10\\\/Sans-titre-e1594796537580.jpg\",\"width\":200,\"height\":200,\"caption\":\"Fitacom\"},\"image\":{\"@id\":\"http:\\\/\\\/fitacom.ma\\\/#\\\/schema\\\/logo\\\/image\\\/\"},\"sameAs\":[\"https:\\\/\\\/web.facebook.com\\\/fitacom\\\/\"]}]}<\/script>\n<!-- \/ Yoast SEO plugin. -->","yoast_head_json":{"title":"CONTACT - FITACOM","description":"Fond\u00e9e en 2007, la fiduciaire FITACOM SARL Au, est un acteur majeur et actif dans les domaines de la tenue de comptabilit\u00e9, audit, fiscalit\u00e9, administration et conseil en entreprise.","robots":{"index":"index","follow":"follow","max-snippet":"max-snippet:-1","max-image-preview":"max-image-preview:large","max-video-preview":"max-video-preview:-1"},"canonical":"http:\/\/fitacom.ma\/index.php\/contact\/","og_locale":"fr_FR","og_type":"article","og_title":"CONTACT - FITACOM","og_description":"Fond\u00e9e en 2007, la fiduciaire FITACOM SARL Au, est un acteur majeur et actif dans les domaines de la tenue de comptabilit\u00e9, audit, fiscalit\u00e9, administration et conseil en entreprise.","og_url":"http:\/\/fitacom.ma\/index.php\/contact\/","og_site_name":"FITACOM","article_publisher":"https:\/\/web.facebook.com\/fitacom\/","article_modified_time":"2020-07-13T14:06:14+00:00","twitter_card":"summary_large_image","schema":{"@context":"https:\/\/schema.org","@graph":[{"@type":"WebPage","@id":"http:\/\/fitacom.ma\/index.php\/contact\/","url":"http:\/\/fitacom.ma\/index.php\/contact\/","name":"CONTACT - FITACOM","isPartOf":{"@id":"http:\/\/fitacom.ma\/#website"},"datePublished":"2015-10-07T17:49:23+00:00","dateModified":"2020-07-13T14:06:14+00:00","description":"Fond\u00e9e en 2007, la fiduciaire FITACOM SARL Au, est un acteur majeur et actif dans les domaines de la tenue de comptabilit\u00e9, audit, fiscalit\u00e9, administration et conseil en entreprise.","breadcrumb":{"@id":"http:\/\/fitacom.ma\/index.php\/contact\/#breadcrumb"},"inLanguage":"fr-FR","potentialAction":[{"@type":"ReadAction","target":["http:\/\/fitacom.ma\/index.php\/contact\/"]}]},{"@type":"BreadcrumbList","@id":"http:\/\/fitacom.ma\/index.php\/contact\/#breadcrumb","itemListElement":[{"@type":"ListItem","position":1,"name":"Accueil","item":"http:\/\/fitacom.ma\/"},{"@type":"ListItem","position":2,"name":"CONTACT"}]},{"@type":"WebSite","@id":"http:\/\/fitacom.ma\/#website","url":"http:\/\/fitacom.ma\/","name":"FITACOM","description":"Ma Fiduciaire","publisher":{"@id":"http:\/\/fitacom.ma\/#organization"},"potentialAction":[{"@type":"SearchAction","target":{"@type":"EntryPoint","urlTemplate":"http:\/\/fitacom.ma\/?s={search_term_string}"},"query-input":{"@type":"PropertyValueSpecification","valueRequired":true,"valueName":"search_term_string"}}],"inLanguage":"fr-FR"},{"@type":"Organization","@id":"http:\/\/fitacom.ma\/#organization","name":"Fitacom","url":"http:\/\/fitacom.ma\/","logo":{"@type":"ImageObject","inLanguage":"fr-FR","@id":"http:\/\/fitacom.ma\/#\/schema\/logo\/image\/","url":"http:\/\/fitacom.ma\/wp-content\/uploads\/2015\/10\/Sans-titre-e1594796537580.jpg","contentUrl":"http:\/\/fitacom.ma\/wp-content\/uploads\/2015\/10\/Sans-titre-e1594796537580.jpg","width":200,"height":200,"caption":"Fitacom"},"image":{"@id":"http:\/\/fitacom.ma\/#\/schema\/logo\/image\/"},"sameAs":["https:\/\/web.facebook.com\/fitacom\/"]}]}},"_links":{"self":[{"href":"http:\/\/fitacom.ma\/index.php\/wp-json\/wp\/v2\/pages\/27","targetHints":{"allow":["GET"]}}],"collection":[{"href":"http:\/\/fitacom.ma\/index.php\/wp-json\/wp\/v2\/pages"}],"about":[{"href":"http:\/\/fitacom.ma\/index.php\/wp-json\/wp\/v2\/types\/page"}],"author":[{"embeddable":true,"href":"http:\/\/fitacom.ma\/index.php\/wp-json\/wp\/v2\/users\/1"}],"replies":[{"embeddable":true,"href":"http:\/\/fitacom.ma\/index.php\/wp-json\/wp\/v2\/comments?post=27"}],"version-history":[{"count":18,"href":"http:\/\/fitacom.ma\/index.php\/wp-json\/wp\/v2\/pages\/27\/revisions"}],"predecessor-version":[{"id":176,"href":"http:\/\/fitacom.ma\/index.php\/wp-json\/wp\/v2\/pages\/27\/revisions\/176"}],"wp:attachment":[{"href":"http:\/\/fitacom.ma\/index.php\/wp-json\/wp\/v2\/media?parent=27"}],"curies":[{"name":"wp","href":"https:\/\/api.w.org\/{rel}","templated":true}]}}