{"id":153,"date":"2016-07-01T03:18:33","date_gmt":"2016-07-01T03:18:33","guid":{"rendered":"http:\/\/fitacom.ma\/?page_id=153"},"modified":"2016-07-01T03:18:33","modified_gmt":"2016-07-01T03:18:33","slug":"information-et-communication","status":"publish","type":"page","link":"http:\/\/fitacom.ma\/index.php\/services\/information-et-communication\/","title":{"rendered":"Information et Communication"},"content":{"rendered":"<p><strong>FITACOM a lanc\u00e9 en 2016 les\u00a0services de conseil en information et communication suivants:<\/strong><\/p>\n<p><em><strong>Les services de communication:<\/strong><\/em><\/p>\n<ul>\n<li>\u00c9laboration de la strat\u00e9gie digitale<\/li>\n<li>Conception et cr\u00e9ation des sites web<\/li>\n<li>Conception des supports de communication (identit\u00e9 visuelle, flyers, cartes visite, panneaux et \u00e9crans publicitaires, travaux d\u2019impression\u2026)<\/li>\n<li>Gestion des r\u00e9seaux sociaux\u00a0(Community Management)<\/li>\n<li>Formations personnalis\u00e9es aux entreprises<\/li>\n<\/ul>\n<p><em><strong>Les services d&rsquo;information et d&rsquo;archivage:\u00a0<\/strong><\/em><\/p>\n<ul>\n<li>Etude des besoins archivistique<\/li>\n<li>\u00c9laboration de la strat\u00e9gie d\u2019archivage<\/li>\n<li>Assainissement et traitement\u00a0des archives<\/li>\n<li>\u00c9laboration des outils de gestion (plan de classification, calendrier de conservation, instrument de recherche&#8230;)<\/li>\n<li>Mise en place des Syst\u00e8mes d\u2019Archivage Electronique (SAE)<\/li>\n<li>Formations personnalis\u00e9es aux entreprises<\/li>\n<\/ul>\n","protected":false},"excerpt":{"rendered":"<p>FITACOM a lanc\u00e9 en 2016 les\u00a0services de conseil en information et communication suivants: Les services de communication: \u00c9laboration de la strat\u00e9gie digitale Conception et cr\u00e9ation des sites web Conception des supports de communication (identit\u00e9 visuelle, flyers, cartes visite, panneaux et \u00e9crans publicitaires, travaux d\u2019impression\u2026) Gestion des r\u00e9seaux sociaux\u00a0(Community Management) Formations personnalis\u00e9es aux entreprises Les services [&hellip;]<\/p>\n","protected":false},"author":1,"featured_media":0,"parent":15,"menu_order":4,"comment_status":"closed","ping_status":"closed","template":"","meta":{"inline_featured_image":false,"footnotes":""},"class_list":["post-153","page","type-page","status-publish","hentry"],"yoast_head":"<!-- This site is optimized with the Yoast SEO plugin v27.5 - https:\/\/yoast.com\/product\/yoast-seo-wordpress\/ -->\n<title>Information et Communication - FITACOM<\/title>\n<meta name=\"description\" content=\"Fond\u00e9e en 2007, la fiduciaire FITACOM SARL Au, est un acteur majeur et actif dans les domaines de la tenue de comptabilit\u00e9, audit, fiscalit\u00e9, administration et conseil en entreprise.\" \/>\n<meta name=\"robots\" content=\"index, follow, max-snippet:-1, max-image-preview:large, max-video-preview:-1\" \/>\n<link rel=\"canonical\" href=\"http:\/\/fitacom.ma\/index.php\/services\/information-et-communication\/\" \/>\n<meta property=\"og:locale\" content=\"fr_FR\" \/>\n<meta property=\"og:type\" content=\"article\" \/>\n<meta property=\"og:title\" content=\"Information et Communication - FITACOM\" \/>\n<meta property=\"og:description\" content=\"Fond\u00e9e en 2007, la fiduciaire FITACOM SARL Au, est un acteur majeur et actif dans les domaines de la tenue de comptabilit\u00e9, audit, fiscalit\u00e9, administration et conseil en entreprise.\" \/>\n<meta property=\"og:url\" content=\"http:\/\/fitacom.ma\/index.php\/services\/information-et-communication\/\" \/>\n<meta property=\"og:site_name\" content=\"FITACOM\" \/>\n<meta property=\"article:publisher\" content=\"https:\/\/web.facebook.com\/fitacom\/\" \/>\n<meta name=\"twitter:card\" content=\"summary_large_image\" \/>\n<meta name=\"twitter:label1\" content=\"Dur\u00e9e de lecture estim\u00e9e\" \/>\n\t<meta name=\"twitter:data1\" content=\"1 minute\" \/>\n<script type=\"application\/ld+json\" class=\"yoast-schema-graph\">{\"@context\":\"https:\\\/\\\/schema.org\",\"@graph\":[{\"@type\":\"WebPage\",\"@id\":\"http:\\\/\\\/fitacom.ma\\\/index.php\\\/services\\\/information-et-communication\\\/\",\"url\":\"http:\\\/\\\/fitacom.ma\\\/index.php\\\/services\\\/information-et-communication\\\/\",\"name\":\"Information et Communication - FITACOM\",\"isPartOf\":{\"@id\":\"http:\\\/\\\/fitacom.ma\\\/#website\"},\"datePublished\":\"2016-07-01T03:18:33+00:00\",\"description\":\"Fond\u00e9e en 2007, la fiduciaire FITACOM SARL Au, est un acteur majeur et actif dans les domaines de la tenue de comptabilit\u00e9, audit, fiscalit\u00e9, administration et conseil en entreprise.\",\"breadcrumb\":{\"@id\":\"http:\\\/\\\/fitacom.ma\\\/index.php\\\/services\\\/information-et-communication\\\/#breadcrumb\"},\"inLanguage\":\"fr-FR\",\"potentialAction\":[{\"@type\":\"ReadAction\",\"target\":[\"http:\\\/\\\/fitacom.ma\\\/index.php\\\/services\\\/information-et-communication\\\/\"]}]},{\"@type\":\"BreadcrumbList\",\"@id\":\"http:\\\/\\\/fitacom.ma\\\/index.php\\\/services\\\/information-et-communication\\\/#breadcrumb\",\"itemListElement\":[{\"@type\":\"ListItem\",\"position\":1,\"name\":\"Accueil\",\"item\":\"http:\\\/\\\/fitacom.ma\\\/\"},{\"@type\":\"ListItem\",\"position\":2,\"name\":\"SERVICES\",\"item\":\"http:\\\/\\\/fitacom.ma\\\/index.php\\\/services\\\/\"},{\"@type\":\"ListItem\",\"position\":3,\"name\":\"Information et Communication\"}]},{\"@type\":\"WebSite\",\"@id\":\"http:\\\/\\\/fitacom.ma\\\/#website\",\"url\":\"http:\\\/\\\/fitacom.ma\\\/\",\"name\":\"FITACOM\",\"description\":\"Ma Fiduciaire\",\"publisher\":{\"@id\":\"http:\\\/\\\/fitacom.ma\\\/#organization\"},\"potentialAction\":[{\"@type\":\"SearchAction\",\"target\":{\"@type\":\"EntryPoint\",\"urlTemplate\":\"http:\\\/\\\/fitacom.ma\\\/?s={search_term_string}\"},\"query-input\":{\"@type\":\"PropertyValueSpecification\",\"valueRequired\":true,\"valueName\":\"search_term_string\"}}],\"inLanguage\":\"fr-FR\"},{\"@type\":\"Organization\",\"@id\":\"http:\\\/\\\/fitacom.ma\\\/#organization\",\"name\":\"Fitacom\",\"url\":\"http:\\\/\\\/fitacom.ma\\\/\",\"logo\":{\"@type\":\"ImageObject\",\"inLanguage\":\"fr-FR\",\"@id\":\"http:\\\/\\\/fitacom.ma\\\/#\\\/schema\\\/logo\\\/image\\\/\",\"url\":\"http:\\\/\\\/fitacom.ma\\\/wp-content\\\/uploads\\\/2015\\\/10\\\/Sans-titre-e1594796537580.jpg\",\"contentUrl\":\"http:\\\/\\\/fitacom.ma\\\/wp-content\\\/uploads\\\/2015\\\/10\\\/Sans-titre-e1594796537580.jpg\",\"width\":200,\"height\":200,\"caption\":\"Fitacom\"},\"image\":{\"@id\":\"http:\\\/\\\/fitacom.ma\\\/#\\\/schema\\\/logo\\\/image\\\/\"},\"sameAs\":[\"https:\\\/\\\/web.facebook.com\\\/fitacom\\\/\"]}]}<\/script>\n<!-- \/ Yoast SEO plugin. -->","yoast_head_json":{"title":"Information et Communication - FITACOM","description":"Fond\u00e9e en 2007, la fiduciaire FITACOM SARL Au, est un acteur majeur et actif dans les domaines de la tenue de comptabilit\u00e9, audit, fiscalit\u00e9, administration et conseil en entreprise.","robots":{"index":"index","follow":"follow","max-snippet":"max-snippet:-1","max-image-preview":"max-image-preview:large","max-video-preview":"max-video-preview:-1"},"canonical":"http:\/\/fitacom.ma\/index.php\/services\/information-et-communication\/","og_locale":"fr_FR","og_type":"article","og_title":"Information et Communication - FITACOM","og_description":"Fond\u00e9e en 2007, la fiduciaire FITACOM SARL Au, est un acteur majeur et actif dans les domaines de la tenue de comptabilit\u00e9, audit, fiscalit\u00e9, administration et conseil en entreprise.","og_url":"http:\/\/fitacom.ma\/index.php\/services\/information-et-communication\/","og_site_name":"FITACOM","article_publisher":"https:\/\/web.facebook.com\/fitacom\/","twitter_card":"summary_large_image","twitter_misc":{"Dur\u00e9e de lecture estim\u00e9e":"1 minute"},"schema":{"@context":"https:\/\/schema.org","@graph":[{"@type":"WebPage","@id":"http:\/\/fitacom.ma\/index.php\/services\/information-et-communication\/","url":"http:\/\/fitacom.ma\/index.php\/services\/information-et-communication\/","name":"Information et Communication - FITACOM","isPartOf":{"@id":"http:\/\/fitacom.ma\/#website"},"datePublished":"2016-07-01T03:18:33+00:00","description":"Fond\u00e9e en 2007, la fiduciaire FITACOM SARL Au, est un acteur majeur et actif dans les domaines de la tenue de comptabilit\u00e9, audit, fiscalit\u00e9, administration et conseil en entreprise.","breadcrumb":{"@id":"http:\/\/fitacom.ma\/index.php\/services\/information-et-communication\/#breadcrumb"},"inLanguage":"fr-FR","potentialAction":[{"@type":"ReadAction","target":["http:\/\/fitacom.ma\/index.php\/services\/information-et-communication\/"]}]},{"@type":"BreadcrumbList","@id":"http:\/\/fitacom.ma\/index.php\/services\/information-et-communication\/#breadcrumb","itemListElement":[{"@type":"ListItem","position":1,"name":"Accueil","item":"http:\/\/fitacom.ma\/"},{"@type":"ListItem","position":2,"name":"SERVICES","item":"http:\/\/fitacom.ma\/index.php\/services\/"},{"@type":"ListItem","position":3,"name":"Information et Communication"}]},{"@type":"WebSite","@id":"http:\/\/fitacom.ma\/#website","url":"http:\/\/fitacom.ma\/","name":"FITACOM","description":"Ma Fiduciaire","publisher":{"@id":"http:\/\/fitacom.ma\/#organization"},"potentialAction":[{"@type":"SearchAction","target":{"@type":"EntryPoint","urlTemplate":"http:\/\/fitacom.ma\/?s={search_term_string}"},"query-input":{"@type":"PropertyValueSpecification","valueRequired":true,"valueName":"search_term_string"}}],"inLanguage":"fr-FR"},{"@type":"Organization","@id":"http:\/\/fitacom.ma\/#organization","name":"Fitacom","url":"http:\/\/fitacom.ma\/","logo":{"@type":"ImageObject","inLanguage":"fr-FR","@id":"http:\/\/fitacom.ma\/#\/schema\/logo\/image\/","url":"http:\/\/fitacom.ma\/wp-content\/uploads\/2015\/10\/Sans-titre-e1594796537580.jpg","contentUrl":"http:\/\/fitacom.ma\/wp-content\/uploads\/2015\/10\/Sans-titre-e1594796537580.jpg","width":200,"height":200,"caption":"Fitacom"},"image":{"@id":"http:\/\/fitacom.ma\/#\/schema\/logo\/image\/"},"sameAs":["https:\/\/web.facebook.com\/fitacom\/"]}]}},"_links":{"self":[{"href":"http:\/\/fitacom.ma\/index.php\/wp-json\/wp\/v2\/pages\/153","targetHints":{"allow":["GET"]}}],"collection":[{"href":"http:\/\/fitacom.ma\/index.php\/wp-json\/wp\/v2\/pages"}],"about":[{"href":"http:\/\/fitacom.ma\/index.php\/wp-json\/wp\/v2\/types\/page"}],"author":[{"embeddable":true,"href":"http:\/\/fitacom.ma\/index.php\/wp-json\/wp\/v2\/users\/1"}],"replies":[{"embeddable":true,"href":"http:\/\/fitacom.ma\/index.php\/wp-json\/wp\/v2\/comments?post=153"}],"version-history":[{"count":1,"href":"http:\/\/fitacom.ma\/index.php\/wp-json\/wp\/v2\/pages\/153\/revisions"}],"predecessor-version":[{"id":154,"href":"http:\/\/fitacom.ma\/index.php\/wp-json\/wp\/v2\/pages\/153\/revisions\/154"}],"up":[{"embeddable":true,"href":"http:\/\/fitacom.ma\/index.php\/wp-json\/wp\/v2\/pages\/15"}],"wp:attachment":[{"href":"http:\/\/fitacom.ma\/index.php\/wp-json\/wp\/v2\/media?parent=153"}],"curies":[{"name":"wp","href":"https:\/\/api.w.org\/{rel}","templated":true}]}}